{"id":8291,"date":"2015-11-12T19:01:41","date_gmt":"2015-11-12T19:01:41","guid":{"rendered":"http:\/\/3dmedia.com.mx\/?page_id=8291"},"modified":"2019-12-18T00:03:11","modified_gmt":"2019-12-18T00:03:11","slug":"aviso-de-privacidad","status":"publish","type":"page","link":"http:\/\/3dmedia.com.mx\/index.php\/aviso-de-privacidad\/","title":{"rendered":"Aviso de privacidad"},"content":{"rendered":"<p>Aviso dirigido a los titulares de datos personales que obran en posesi\u00f3n de 3DMedia S. de R.L Mi.:<\/p>\n<p>3DMedia S. de R.L Mi.. (3DMedia), con domicilio en Brasilia #104, Las Am\u00e9ricas, Aguascalientes, Ags., C.P. 20230, hace de su conocimiento que los datos personales de usted, incluyendo los sensibles, que actualmente o en el futuro obren en nuestras bases de datos, ser\u00e1n tratados y\/o utilizados por: 3DMedia y\/o las empresas controladoras de \u00e9sta \u00faltima y\/o nuestras empresas filiales y\/o subsidiarias y\/o aquellos terceros que, por la naturaleza de sus trabajos o funciones tengan la necesidad de tratar y\/o utilizar sus datos personales; con el prop\u00f3sito de cumplir aquellas obligaciones que se derivan de la relaci\u00f3n jur\u00eddica existente entre usted como titular de los datos personales y las empresas antes se\u00f1aladas.<\/p>\n<p>3DMedia podr\u00e1 transferir los datos personales que obren en sus bases de datos a cualesquiera de las empresas controladoras de \u00e9sta \u00faltima y\/o a sus empresas filiales y\/o subsidiarias e incluso a terceras personas, nacionales o extranjeras, salvo que los titulares respectivos manifiesten expresamente su oposici\u00f3n, en t\u00e9rminos de lo dispuesto por la Ley Federal de Protecci\u00f3n de Datos Personales en Posesi\u00f3n de los Particulares (la Ley).<\/p>\n<p>Los titulares podr\u00e1n ejercer los derechos que les confiere la Ley, a partir del 6 de enero de 2012, mediante una solicitud por escrito, que deber\u00e1 ser presentada en nuestro domicilio o en la p\u00e1gina web: www.3dmedia.com.mx .Todas las solicitudes que sean presentadas a 3DMedia, independiente del medio utilizado por los titulares, deber\u00e1n:<\/p>\n<p>Incluir el nombre y firma aut\u00f3grafa del titular, as\u00ed como un domicilio u otro medio para comunicarle la respuesta a su solicitud.<\/p>\n<p>Acompa\u00f1ar los documentos oficiales que acrediten la identidad del titular.<\/p>\n<p>Incluir una descripci\u00f3n clara y precisa de los datos personales respecto de los cuales ejercitar\u00e1 los derechos que les confiere la Ley.<\/p>\n<p>Incluir cualquier elemento o documento que facilite la localizaci\u00f3n de los datos personales de que se traten.<\/p>\n<p>3DMedia se reserva el derecho de cambiar, modificar, complementar y\/o alterar el presente aviso, en cualquier momento, en cuyo caso se har\u00e1 de su conocimiento a trav\u00e9s de cualquiera de los medios que establece la legislaci\u00f3n en la materia.<\/p>\n","protected":false},"excerpt":{"rendered":"<p>Aviso dirigido a los titulares de datos personales que obran en posesi\u00f3n de 3DMedia S. de R.L Mi.: 3DMedia S. de R.L Mi.. (3DMedia), con domicilio en Brasilia #104, Las Am\u00e9ricas, Aguascalientes, Ags., C.P. 20230, hace de su conocimiento que los datos personales de usted, incluyendo los sensibles, que actualmente o en el futuro obren en nuestras bases de datos, ser\u00e1n tratados y\/o utilizados por: 3DMedia y\/o las empresas controladoras de \u00e9sta \u00faltima y\/o nuestras empresas filiales y\/o subsidiarias y\/o [&hellip;]<\/p>\n","protected":false},"author":1,"featured_media":0,"parent":0,"menu_order":0,"comment_status":"closed","ping_status":"closed","template":"","meta":[],"_links":{"self":[{"href":"http:\/\/3dmedia.com.mx\/index.php\/wp-json\/wp\/v2\/pages\/8291"}],"collection":[{"href":"http:\/\/3dmedia.com.mx\/index.php\/wp-json\/wp\/v2\/pages"}],"about":[{"href":"http:\/\/3dmedia.com.mx\/index.php\/wp-json\/wp\/v2\/types\/page"}],"author":[{"embeddable":true,"href":"http:\/\/3dmedia.com.mx\/index.php\/wp-json\/wp\/v2\/users\/1"}],"replies":[{"embeddable":true,"href":"http:\/\/3dmedia.com.mx\/index.php\/wp-json\/wp\/v2\/comments?post=8291"}],"version-history":[{"count":1,"href":"http:\/\/3dmedia.com.mx\/index.php\/wp-json\/wp\/v2\/pages\/8291\/revisions"}],"predecessor-version":[{"id":8293,"href":"http:\/\/3dmedia.com.mx\/index.php\/wp-json\/wp\/v2\/pages\/8291\/revisions\/8293"}],"wp:attachment":[{"href":"http:\/\/3dmedia.com.mx\/index.php\/wp-json\/wp\/v2\/media?parent=8291"}],"curies":[{"name":"wp","href":"https:\/\/api.w.org\/{rel}","templated":true}]}}