{"id":8288,"date":"2015-11-12T19:00:34","date_gmt":"2015-11-12T19:00:34","guid":{"rendered":"http:\/\/3dmedia.com.mx\/?page_id=8288"},"modified":"2019-12-18T00:03:49","modified_gmt":"2019-12-18T00:03:49","slug":"terminos-y-condiciones","status":"publish","type":"page","link":"http:\/\/3dmedia.com.mx\/index.php\/terminos-y-condiciones\/","title":{"rendered":"T\u00e9rminos y condiciones"},"content":{"rendered":"<ol>\n<li>ACEPTACI\u00d3N DE LOS T\u00c9RMINOS<\/li>\n<\/ol>\n<p>Bienvenido a 3DMEDIA que le proveer\u00e1 de sus servicios de acuerdo a los siguientes T\u00e9rminos de Servicio (\u00abTOS\u00bb), los cuales podr\u00e1n ser actualizados o modificados por 3DMEDIA de tiempo en tiempo. Usted podr\u00e1 revisar la versi\u00f3n m\u00e1s reciente de los TOS en cualquier momento en esta p\u00e1gina.<\/p>\n<p>Adem\u00e1s, cuando se encuentre utilizando servicios particulares de 3DMEDIA, usted y 3DMEDIA estar\u00e1n sujetos a las gu\u00edas de uso o reglas correspondientes a dichos servicios, las cuales 3DMEDIA podr\u00e1 anunciar peri\u00f3dicamente.<\/p>\n<p>&nbsp;<\/p>\n<ol start=\"2\">\n<li>DESCRIPCI\u00d3N DEL SERVICIO<\/li>\n<\/ol>\n<p>Actualmente, 3DMEDIA provee a los usuarios el acceso a una colecci\u00f3n de recursos on-line. A menos que se indique expresamente lo contrario, cualquier nueva aplicaci\u00f3n que aumente o mejore el Servicio actual, incluyendo el lanzamiento de nuevas propiedades de 3DMEDIA, estar\u00e1 sujeta a estos TOS. El usuario conviene y acepta que 3DMEDIA no ser\u00e1 responsable por el retraso, borrado, entrega equivocada o falla al guardar cualquier comunicaci\u00f3n del usuario, o sus criterios de personalizaci\u00f3n (\u00abpersonalization settings\u00bb) en virtud de que el Servicio que presta 3DMEDIA es seg\u00fan se encuentra disponible.<\/p>\n<p>&nbsp;<\/p>\n<ol start=\"3\">\n<li>OBLIGACIONES DEL MIEMBRO<\/li>\n<\/ol>\n<p>Con motivo de su uso del Servicio, usted se obliga a: (a) proveer informaci\u00f3n verdadera, correcta, actual, y completa de su persona del modo requerido en el formulario de registro del Servicio (siendo dicha informaci\u00f3n los \u00abDatos de Inscripci\u00f3n\u00bb) y (b) mantener y actualizar en todo momento los Datos de Inscripci\u00f3n a fin de conservarlos , correctos, actuales y completos. Si suministra informaci\u00f3n que no sea verdadera, correcta, actual o completa, o si 3DMEDIA considera que dicha informaci\u00f3n no es verdadera, correcta, actual o completa, 3DMEDIA tendr\u00e1 el derecho de suspender o terminar su cuenta y negarle el uso presente o futuro del Servicio (o cualquier parte del mismo). 3DMEDIA se preocupa por la seguridad y privacidad de sus usuarios, particularmente la de los menores de edad. Por esta raz\u00f3n, padres de ni\u00f1os menores de 18 a\u00f1os de edad que deseen permitir a sus hijos el acceso al Servicio deber\u00e1n supervisar el uso que sus hijos le den. El Servicio est\u00e1 dise\u00f1ado para atraer a una amplia audiencia, por lo tanto, como tutor legal, ser\u00e1 su responsabilidad determinar si alguno de los Servicios y\/o Contenidos es apropiado para el menor.<\/p>\n<p>&nbsp;<\/p>\n<ol start=\"4\">\n<li>CONDUCTA DEL MIEMBRO<\/li>\n<\/ol>\n<p>Usted conoce y acepta que toda la informaci\u00f3n, datos, textos, software, m\u00fasica, sonido, fotograf\u00edas, gr\u00e1ficas, video, mensajes u otros materiales (\u00abContenido\u00bb), ya sea p\u00fablicamente anunciado o transmitido privadamente, son responsabilidad \u00fanicamente de la persona que origin\u00f3 dicho Contenido. Esto significa que usted, y no 3DMEDIA, es completamente responsable por todo el Contenido que usted cargue (\u00abupload\u00bb), anuncie, env\u00ede por correo electr\u00f3nico o de cualquier otra forma transmita v\u00eda el Servicio. 3DMEDIA no controla el Contenido anunciado por medio del Servicio, y como tal, no garantiza la veracidad, integridad o calidad de dicho Contenido. En virtud de que cada usuario es responsable del contenido que cargue, usted reconoce que por usar el Servicio, puede estar expuesto a Contenido ofensivo, indecente u objetable, por lo que bajo ninguna circunstancia y en ninguna forma ser\u00e1 responsable 3DMEDIA por ning\u00fan Contenido, incluyendo, pero no limitado, errores u omisiones o por alguna p\u00e9rdida o da\u00f1o de cualquier tipo que resulte del uso de alg\u00fan Contenido anunciado, enviado por correo electr\u00f3nico, o de alguna otra forma transmitido por medio del Servicio.<\/p>\n<p>&nbsp;<\/p>\n<p>Usted se obliga a no usar el Servicio para lo siguiente:<\/p>\n<ol>\n<li>A) cargar (\u00abupload\u00bb), anunciar, enviar por correo electr\u00f3nico o de cualquier otra forma transmitir Contenido que sea ilegal, peligroso, amenazante, abusivo, hostigador, tortuoso, difamatorio, vulgar, obsceno, calumnioso, invasivo del derecho de privacidad, odioso, discriminatorio, o de cualquier otra forma ofensivo a terceros;<\/li>\n<li>B) de ninguna manera da\u00f1ar a menores de edad;<\/li>\n<li>C) hacerse pasar por alguna persona o entidad, incluyendo, pero no limitado, a un funcionario o empleado de 3DMEDIA, l\u00edder de forum, gu\u00eda o anfitri\u00f3n, o hacer declaraciones falsas, o de cualquier otra forma falsificar su asociaci\u00f3n a alguna persona o entidad;<\/li>\n<li>D) falsificar encabezados o de cualquier otra forma manipular identificadores para desviar el origen de alg\u00fan Contenido transmitido por medio del Servicio;<\/li>\n<li>E) cargar (\u00abupload\u00bb), anunciar, enviar por correo electr\u00f3nico o de cualquier otra forma transmitir alg\u00fan Contenido del cual no tiene el derecho de transmitir por ley o bajo relaci\u00f3n contractual o fiduciaria (tal como informaci\u00f3n interna, de propiedad y confidencial adquirida o entregada como parte de las relaciones de empleo o bajo contratos de confidencialidad);<\/li>\n<li>F) cargar (\u00abupload\u00bb), anunciar, enviar por correo electr\u00f3nico o de cualquier otra forma transmitir alg\u00fan Contenido que viole alguna patente, marca, secreto comercial, derecho de autor o cualquier derecho de propiedad intelectual (\u00abDerechos\u00bb) de alg\u00fan tercero ;<\/li>\n<li>G) cargar (\u00abupload\u00bb), anunciar, enviar por correo electr\u00f3nico o de cualquier otra forma transmitir cualquier anuncio no solicitado o no autorizado, materiales promocionales, correo de solicitudes(\u00abjunk mail\u00bb, \u00abspam\u00bb), cartas en cadena (\u00abchain letters\u00bb), esquemas de pir\u00e1mides (\u00abpyramid schemes\u00bb) o cualquier otra forma de solicitud, con excepci\u00f3n de aqu\u00e9llas \u00e1reas (tales como cuartos de compras \u00abshopping rooms\u00bb) que est\u00e1n destinadas para tal prop\u00f3sito;<\/li>\n<li>H) cargar (\u00abupload\u00bb), anunciar, enviar por correo electr\u00f3nico o de cualquier otra forma transmitir alg\u00fan material que contenga virus de software, o cualquier otro c\u00f3digo de computadora, archivos o programas dise\u00f1ados para interrumpir, destruir o limitar el funcionamiento de alg\u00fan software o disco duro para computadora o equipo de telecomunicaciones;<\/li>\n<li>I) interrumpir el fluido normal de di\u00e1logo, hacer que una pantalla se mueva (\u00abscroll\u00bb) m\u00e1s r\u00e1pido de lo que otros usuarios pueden manejar, o de cualquier otra forma actuar de manera que afecte negativamente la habilidad de otros usuarios para vincularse en intercambios de tiempo reales;<\/li>\n<li>J) interferir o interrumpir el Servicio, servidores, o redes conectadas al Servicio, o desobedecer cualquier requisito, procedimiento, pol\u00edtica o regulaci\u00f3n de redes conectadas al Servicio;<\/li>\n<li>K) violar intencionalmente o no alguna ley local, estatal, nacional o internacional, incluyendo pero no limitado, a regulaciones promulgadas por la Comisi\u00f3n Nacional Bancaria y de Valores, la Comisi\u00f3n de Valores e Intercambio de los Estados Unidos de Norteam\u00e9rica (Securities and Exchange Comission), cualquier regla de la Bolsa Mexicana de Valores o de cualquier otra bolsa de valores nacional o internacional incluyendo pero no limitado, la Bolsa de Valores de New York, la Bolsa Americana de Valores o el NASDAQ, y cualquier otra regulaci\u00f3n;<\/li>\n<li>L) acechar o de cualquier otra forma hostigar a un tercero ; o colectar o guardar datos personales acerca de otros usuarios.<\/li>\n<\/ol>\n<p>&nbsp;<\/p>\n<p>3DMEDIA no pre-selecciona el Contenido, sin embargo, 3DMEDIA y sus designatarios o representantes tienen el derecho, pero no la obligaci\u00f3n, a su plena discreci\u00f3n de rechazar o remover cualquier Contenido que est\u00e9 disponible por medio del Servicio. Sin limitaci\u00f3n de lo anterior, 3DMEDIA y sus designatarios o representantes tendr\u00e1n el derecho de remover cualquier Contenido que viole los TOS. Usted conviene que debe evaluar y que acepta mediante su registro, todos aquellos riesgos asociados con el uso de cualquier Contenido, incluyendo su confianza en la veracidad, integridad o uso de dicho Contenido. En este respecto, usted acepta que no podr\u00e1 depender de ning\u00fan Contenido creado por 3DMEDIA o sometido a 3DMEDIA, incluyendo, sin limitaci\u00f3n, aquella informaci\u00f3n contenida en los Boletines de Mensajes, 3DMEDIA Clubs, y en todas las dem\u00e1s partes del Servicio.<\/p>\n<p>&nbsp;<\/p>\n<p>Usted acepta y conviene en que 3DMEDIA puede conservar y\/o revelar el Contenido si as\u00ed le es requerido por ley o si de buena fe considera que dicha reserva o revelaci\u00f3n es necesaria para: (a) cumplir con procesos legales; (b) hace valer los TOS; (c) responder a quejas de que alg\u00fan Contenido viola los derechos de terceras personas; o (d) proteger los derechos, propiedad, o seguridad personal de 3DMEDIA, sus usuarios y el p\u00fablico en general.<\/p>\n<p>&nbsp;<\/p>\n<p>Usted conviene y acepta que el procesamiento t\u00e9cnico y transmisi\u00f3n del Servicio, incluyendo su Contenido, puede involucrar: (a) transmisiones a trav\u00e9s de varias redes; y (b) cambios para el ajuste y adaptaci\u00f3n a los requisitos de las redes o dispositivos de conexi\u00f3n.<\/p>\n<p>&nbsp;<\/p>\n<ol start=\"5\">\n<li>ADVERTENCIAS ESPECIALES PARA USO INTERNO<\/li>\n<\/ol>\n<p>Reconociendo la naturaleza global del Internet, usted se obliga a obedecer todas las reglas locales estatales o federales con respecto a la conducta online y Contenido aceptable. Espec\u00edficamente, usted se obliga a obedecer todas las leyes aplicables acerca de la transmisi\u00f3n de datos t\u00e9cnicos exportados de M\u00e9xico.<\/p>\n<p>&nbsp;<\/p>\n<ol start=\"6\">\n<li>INDEMNIZACI\u00d3N<\/li>\n<\/ol>\n<p>Usted se compromete a indemnizar y sacar en paz y a salvo, libre de da\u00f1os a 3DMEDIA, sus subsidiarias, afiliados, oficiales, agentes, asociados u otros socios y empleados de cualquier reclamo o demanda, incluyendo honorarios razonables de los abogados, hecha por una tercera parte debido al Contenido, o surgido del Contenido que Usted presente, anuncie o transmita por medio del Servicio, su uso del Servicio, su conexi\u00f3n al Servicio, su violaci\u00f3n a los TOS, o su violaci\u00f3n a los derechos de un tercero .<\/p>\n<p>&nbsp;<\/p>\n<ol start=\"7\">\n<li>PROHIBICION DE REVENDER EL SERVICIO<\/li>\n<\/ol>\n<p>Usted se compromete a no reproducir, duplicar, copiar, vender, revender o explotar por cualquier prop\u00f3sito comercial, ninguna parte del Servicio, uso del Servicio, o acceso al Servicio.<\/p>\n<p>&nbsp;<\/p>\n<ol start=\"8\">\n<li>MODIFICACIONES AL SERVICIO<\/li>\n<\/ol>\n<p>3DMEDIA tendr\u00e1 el derecho de modificar, o discontinuar el Servicio o cualquier parte del mismo, temporal o permanentemente, en cualquier momento y peri\u00f3dicamente, por lo que 3DMEDIA no ser\u00e1 responsable hacia usted o terceras partes por ninguna modificaci\u00f3n, suspensi\u00f3n, o interrupci\u00f3n del Servicio.<\/p>\n<p>&nbsp;<\/p>\n<ol start=\"9\">\n<li>TERMINACI\u00d3N<\/li>\n<\/ol>\n<p>Usted conviene en que 3DMEDIA en cualquier tiempo, podr\u00e1 cancelar o discontinuar su contrase\u00f1a, cuenta (o alguna parte de la misma) o su uso del Servicio y remover y descartar cualquier Contenido dentro del Servicio por cualquier raz\u00f3n, incluyendo sin limitaci\u00f3n, la falta de uso, o en caso de considerar que usted ha violado o actuado en contra del texto o el esp\u00edritu de los TOS. En virtud de lo anterior, usted acepta que 3DMEDIA podr\u00e1 desactivar o borrar inmediatamente su cuenta y toda la informaci\u00f3n y archivos relacionados con la misma y\/o prohibir cualquier nuevo acceso a dichos archivos o al Servicio, en caso de que usted incumpla o viole lo establecido en los presentes TOS, por lo que 3DMEDIA no ser\u00e1 responsable hacia usted o terceras personas por cualquier terminaci\u00f3n de su acceso al Servicio.<\/p>\n<p>&nbsp;<\/p>\n<ol start=\"10\">\n<li>TRATOS CON ANUNCIANTES<\/li>\n<\/ol>\n<p>Su correspondencia o tratos con anunciantes, o su participaci\u00f3n en promociones de anunciantes encontrados en el Servicio o por medio del Servicio, incluyendo el pago y la entrega de los bienes o servicios relacionados, y cualquier otros t\u00e9rminos y condiciones, garant\u00edas o representaciones asociadas con dichos tratos, ser\u00e1n \u00fanicamente entre usted y dicho anunciante. Usted reconoce y conviene en que 3DMEDIA no ser\u00e1 responsable o tendr\u00e1 obligaci\u00f3n legal por p\u00e9rdida o da\u00f1o de ning\u00fan tipo que resulte de dichos tratos, o que sea el resultado de la presencia de dichos anunciantes en el Servicio.<\/p>\n<p>&nbsp;<\/p>\n<ol start=\"11\">\n<li>ENLACES<\/li>\n<\/ol>\n<p>El Servicio o terceras personas podr\u00e1n proveer enlaces a otros sitios o recursos en el World Wide Web, en los cuales 3DMEDIA no tiene control, por lo que usted acepta y conviene en que 3DMEDIA no ser\u00e1 responsable por la disponibilidad de dichos sitios y recursos externos, y no los respalda ni es responsable o tiene obligaci\u00f3n legal por el Contenido, comercializaci\u00f3n, productos u otros materiales en los sitios o recursos disponibles desde dichos sitios o recursos. Adem\u00e1s, usted acepta y acuerda que 3DMEDIA no ser\u00e1 responsable o estar\u00e1 obligado, directa o indirectamente, por ning\u00fan da\u00f1o o perjuicio causado por el uso o la credibilidad en cualquier Contenido, bienes o servicios disponibles por medio de ning\u00fan sitio o recurso.<\/p>\n<p>&nbsp;<\/p>\n<ol start=\"12\">\n<li>DERECHOS DE AUTOR Y AGENTES DEL DERECHO DE AUTOR<\/li>\n<\/ol>\n<p>3DMEDIA respeta el derecho de propiedad intelectual de terceros, por lo que sus usuarios se obligan a respetarlos de igual forma. En caso de que su obra haya sido copiada de manera que constituya una violaci\u00f3n a los derechos de autor, usted deber\u00e1 acudir a un Agente de los Derechos de Autor de 3DMEDIA con la siguiente informaci\u00f3n:<\/p>\n<p>&nbsp;<\/p>\n<p>1) una firma electr\u00f3nica o f\u00edsica de la persona autorizada a actuar en representaci\u00f3n del due\u00f1o de los intereses de los derechos de autor.<\/p>\n<p>2) una descripci\u00f3n de las obras debidamente registradas que usted afirma han sido violadas.<\/p>\n<p>3) una descripci\u00f3n de la ubicaci\u00f3n en el sitio del material que usted afirma est\u00e1 siendo violado<\/p>\n<p>4) su direcci\u00f3n, n\u00famero de tel\u00e9fono, y direcci\u00f3n de correo electr\u00f3nico;<\/p>\n<p>5) una declaraci\u00f3n estableciendo que de buena fe usted cree que el uso en cuesti\u00f3n no ha sido autorizado por el due\u00f1o del derecho de autor, su agente, o la ley;<\/p>\n<p>6) una declaraci\u00f3n bajo pena de perjurio, que la informaci\u00f3n arriba se\u00f1alada en su Notificaci\u00f3n es verdadera y que usted es el due\u00f1o del derecho de autor o est\u00e1 autorizado a actuar en representaci\u00f3n del due\u00f1o de los derechos de autor.<\/p>\n<p>&nbsp;<\/p>\n<p>El Agente de 3DMEDIA para Notificaci\u00f3n de quejas por violaci\u00f3n a los derechos de autor en este sitio de la red puede ser contactado de la siguiente manera:<\/p>\n<p>&nbsp;<\/p>\n<p>Por correo:<\/p>\n<p>&nbsp;<\/p>\n<p>Agente para asuntos de copyright<\/p>\n<p>Departamento Legal<\/p>\n<p>3DMEDIA, S de RL MI<\/p>\n<p>Aguascalientes, Ags<\/p>\n<p>Brasilia #104<\/p>\n<p>Las Am\u00e9ricas<\/p>\n<p>M\u00e9xico<\/p>\n<p>Por fax:<\/p>\n<p>(52) 449.918.4719<\/p>\n<p>Sin embargo, 3DMEDIA o su agente no ser\u00e1 responsable ni estar\u00e1 obligado al pago de da\u00f1os y perjuicios por el infractor de los derechos de autor antes mencionados.<\/p>\n<p>&nbsp;<\/p>\n<ol start=\"13\">\n<li>INFORMACI\u00d3N GENERAL<\/li>\n<\/ol>\n<p>Los TOS constituyen el convenio completo entre usted y 3DMEDIA y gobiernan su uso del Servicio, remplazando cualquier convenio o contrato ya sea oral o escrito, anterior entre usted y 3DMEDIA. Asimismo, usted tambi\u00e9n estar\u00e1 sujeto a los t\u00e9rminos y condiciones adicionales que puedan serle aplicables cuando use servicios afiliados, contenidos de terceras partes, o software de terceras partes. Los TOS y la relaci\u00f3n entre usted y 3DMEDIA ser\u00e1n regidos por las leyes de Aguascalientes sin perjuicio de sus provisiones acerca de conflicto de leyes. Usted y 3DMEDIA acuerdan expresamente en someterse a la jurisdicci\u00f3n personal y exclusiva de las cortes de Aguascalientes renunciando a cualquier otro fuero que pudiera corresponderles por raz\u00f3n de sus domicilios presentes o futuros. Sin embargo, la falta de 3DMEDIA de ejercer o hacer efectivo alg\u00fan derecho o provisi\u00f3n de los establecidos en \u00e9stos TOS no constituir\u00e1 renuncia a dicho derecho o provisi\u00f3n. Si alg\u00fan tribunal de jurisdicci\u00f3n competente resuelve que alguna disposici\u00f3n de los TOS es inv\u00e1lida, las partes de cualquier modo acuerdan que la corte deber\u00e1 valorar y darle efecto a la intenci\u00f3n de las partes reflejada en dicha disposici\u00f3n, manteniendo las restantes disposiciones de los TOS en pleno vigor y efectividad. Usted acuerda que, sin perjuicio de provisi\u00f3n en sentido contrario en cualquier ley o estatuto, cualquier reclamo o causa de acci\u00f3n resultante del Servicio, o relacionada con el uso del Servicio o los TOS, deber\u00e1 ser presentada dentro de un (1) a\u00f1o despu\u00e9s que dicho reclamo o causa de acci\u00f3n haya sucedido, o de otro modo no podr\u00e1 ser ejercido en el futuro.<\/p>\n<p>&nbsp;<\/p>\n<p>Los t\u00edtulos de las secciones de los TOS son con fines de referencia y no tienen efectos legales o contractuales.<\/p>\n","protected":false},"excerpt":{"rendered":"<p>ACEPTACI\u00d3N DE LOS T\u00c9RMINOS Bienvenido a 3DMEDIA que le proveer\u00e1 de sus servicios de acuerdo a los siguientes T\u00e9rminos de Servicio (\u00abTOS\u00bb), los cuales podr\u00e1n ser actualizados o modificados por 3DMEDIA de tiempo en tiempo. Usted podr\u00e1 revisar la versi\u00f3n m\u00e1s reciente de los TOS en cualquier momento en esta p\u00e1gina. Adem\u00e1s, cuando se encuentre utilizando servicios particulares de 3DMEDIA, usted y 3DMEDIA estar\u00e1n sujetos a las gu\u00edas de uso o reglas correspondientes a dichos servicios, las cuales 3DMEDIA podr\u00e1 [&hellip;]<\/p>\n","protected":false},"author":1,"featured_media":0,"parent":0,"menu_order":0,"comment_status":"closed","ping_status":"closed","template":"","meta":[],"_links":{"self":[{"href":"http:\/\/3dmedia.com.mx\/index.php\/wp-json\/wp\/v2\/pages\/8288"}],"collection":[{"href":"http:\/\/3dmedia.com.mx\/index.php\/wp-json\/wp\/v2\/pages"}],"about":[{"href":"http:\/\/3dmedia.com.mx\/index.php\/wp-json\/wp\/v2\/types\/page"}],"author":[{"embeddable":true,"href":"http:\/\/3dmedia.com.mx\/index.php\/wp-json\/wp\/v2\/users\/1"}],"replies":[{"embeddable":true,"href":"http:\/\/3dmedia.com.mx\/index.php\/wp-json\/wp\/v2\/comments?post=8288"}],"version-history":[{"count":1,"href":"http:\/\/3dmedia.com.mx\/index.php\/wp-json\/wp\/v2\/pages\/8288\/revisions"}],"predecessor-version":[{"id":8290,"href":"http:\/\/3dmedia.com.mx\/index.php\/wp-json\/wp\/v2\/pages\/8288\/revisions\/8290"}],"wp:attachment":[{"href":"http:\/\/3dmedia.com.mx\/index.php\/wp-json\/wp\/v2\/media?parent=8288"}],"curies":[{"name":"wp","href":"https:\/\/api.w.org\/{rel}","templated":true}]}}